{"id":93,"date":"2014-11-04T22:15:44","date_gmt":"2014-11-04T20:15:44","guid":{"rendered":"http:\/\/www.kempeleenreservilaiset.fi\/2\/?page_id=93"},"modified":"2019-01-16T22:46:15","modified_gmt":"2019-01-16T20:46:15","slug":"toiminta-3","status":"publish","type":"page","link":"https:\/\/www.kempeleenreservilaiset.fi\/2\/toiminta-3\/","title":{"rendered":"Toiminta"},"content":{"rendered":"<p>Kempeleen reservil\u00e4isten toiminta\u00a0on eritt\u00e4in vilkasta. Toimintaa on aina ohjannut\u00a0 vahva halu tehd\u00e4 maanpuolustusty\u00f6t\u00e4\u00a0 ennakkoluulottomasti, rakentavassa yhteisty\u00f6ss\u00e4 ja aktiivisesti muiden kerhojen ja yhteisty\u00f6tahojen kanssa.<\/p>\n<p>Toiminnan painopistealueet ovat:<\/p>\n<ul>\n<li><a title=\"Liikunta\" href=\"http:\/\/www.kempeleenreservilaiset.fi\/2\/liikunta-2\/\">Liikunta<\/a><\/li>\n<li><a title=\"Ammunta\" href=\"http:\/\/www.kempeleenreservilaiset.fi\/2\/ammunta-2\/\">Ammunta<\/a><\/li>\n<li>Veteraanity\u00f6<\/li>\n<li>Koulutus<\/li>\n<li>Tiedotus ja palkitseminen<\/li>\n<li>Yhteisty\u00f6<\/li>\n<li>J\u00e4senhankinta ja -huolto sek\u00e4\u00a0 talous<\/li>\n<li>MPK-yhteisty\u00f6<\/li>\n<\/ul>\n<p>Vuoden 2019 <a href=\"http:\/\/www.kempeleenreservilaiset.fi\/2\/wp-content\/uploads\/2019\/01\/toimintasuunnitelma2019.pdf\" target=\"_blank\">toimintasuunnitelma on luettavissa t\u00e4\u00e4ll\u00e4<\/a>.<\/p>\n<p>Kempeleen Reservil\u00e4iset &#8211; RAU ry on valittu Reservil\u00e4isliiton malliseuraksi vuonna 2012. Kempeleen Reserviupseerikerho ry on ollut jo vuosia kolmen k\u00e4rjess\u00e4 omassa sarjassaan Suomen Reserviupseeriliiton toimintakilpailuissa.<\/p>\n","protected":false},"excerpt":{"rendered":"<p>Kempeleen reservil\u00e4isten toiminta\u00a0on eritt\u00e4in vilkasta. Toimintaa on aina ohjannut\u00a0 vahva halu tehd\u00e4 maanpuolustusty\u00f6t\u00e4\u00a0 ennakkoluulottomasti, rakentavassa yhteisty\u00f6ss\u00e4 ja aktiivisesti muiden kerhojen ja yhteisty\u00f6tahojen kanssa. Toiminnan painopistealueet ovat: Liikunta Ammunta Veteraanity\u00f6 Koulutus Tiedotus ja palkitseminen Yhteisty\u00f6 J\u00e4senhankinta ja -huolto sek\u00e4\u00a0 talous MPK-yhteisty\u00f6 &hellip; <a href=\"https:\/\/www.kempeleenreservilaiset.fi\/2\/toiminta-3\/\">Lue loppuun <span class=\"meta-nav\">&rarr;<\/span><\/a><\/p>\n","protected":false},"author":3,"featured_media":0,"parent":0,"menu_order":0,"comment_status":"closed","ping_status":"closed","template":"sidebar-page.php","meta":{"footnotes":""},"class_list":["post-93","page","type-page","status-publish","hentry"],"_links":{"self":[{"href":"https:\/\/www.kempeleenreservilaiset.fi\/2\/wp-json\/wp\/v2\/pages\/93","targetHints":{"allow":["GET"]}}],"collection":[{"href":"https:\/\/www.kempeleenreservilaiset.fi\/2\/wp-json\/wp\/v2\/pages"}],"about":[{"href":"https:\/\/www.kempeleenreservilaiset.fi\/2\/wp-json\/wp\/v2\/types\/page"}],"author":[{"embeddable":true,"href":"https:\/\/www.kempeleenreservilaiset.fi\/2\/wp-json\/wp\/v2\/users\/3"}],"replies":[{"embeddable":true,"href":"https:\/\/www.kempeleenreservilaiset.fi\/2\/wp-json\/wp\/v2\/comments?post=93"}],"version-history":[{"count":12,"href":"https:\/\/www.kempeleenreservilaiset.fi\/2\/wp-json\/wp\/v2\/pages\/93\/revisions"}],"predecessor-version":[{"id":819,"href":"https:\/\/www.kempeleenreservilaiset.fi\/2\/wp-json\/wp\/v2\/pages\/93\/revisions\/819"}],"wp:attachment":[{"href":"https:\/\/www.kempeleenreservilaiset.fi\/2\/wp-json\/wp\/v2\/media?parent=93"}],"curies":[{"name":"wp","href":"https:\/\/api.w.org\/{rel}","templated":true}]}}