{"id":70,"date":"2014-11-04T21:39:55","date_gmt":"2014-11-04T19:39:55","guid":{"rendered":"http:\/\/www.kempeleenreservilaiset.fi\/2\/?page_id=70"},"modified":"2023-01-04T22:12:21","modified_gmt":"2023-01-04T20:12:21","slug":"resul-2","status":"publish","type":"page","link":"https:\/\/www.kempeleenreservilaiset.fi\/2\/resul-2\/","title":{"rendered":"RESUL"},"content":{"rendered":"<p>Reservil\u00e4isurheiluliitto on valtakunnallinen urheiluj\u00e4rjest\u00f6, jonka j\u00e4seni\u00e4 ovat Suomen Reserviupseeriliitto, Reservil\u00e4isliitto\u00a0ja niiden piirit, Maanpuolustuskiltojen Liitto ja Suomen Rauhanturvaajaliitto.\u00a0 Reservil\u00e4isurheiluliiton toimintaan p\u00e4\u00e4see mukaan liittym\u00e4ll\u00e4 j\u00e4seneksi johonkin em. liittojen paikallisyhdistykseen. J\u00e4seni\u00e4 liitossa on t\u00e4ll\u00e4 hetkell\u00e4 n. 85.000. Reservil\u00e4isurheiluliiton kotisivu on <a title=\"RESUL kotisivu\" href=\"http:\/\/www.resul.fi\/index.phtml?s=1\" target=\"_blank\" rel=\"noopener\">t\u00e4\u00e4ll\u00e4<\/a>.<\/p>\n<p>Reservil\u00e4isliikunnan yksi keskeinen teht\u00e4v\u00e4 on yll\u00e4pit\u00e4\u00e4 ja kehitt\u00e4\u00e4 j\u00e4senist\u00f6ns\u00e4 maanpuolustustaitoja.<\/p>\n<p>Maanpuolustustaitoihin kuuluvat fyysinen kunto ja kentt\u00e4taidot. Kentt\u00e4taitoja ovat suunnistus-, ampuma-, kartanluku-, tulenjohto-, johtamis- ja vaellustaidot.<\/p>\n<p>Reservil\u00e4isurheiluliiton k\u00e4yt\u00e4nn\u00f6n liikuntaharrastusten vet\u00e4jin\u00e4 toimivat j\u00e4senliittojen paikallisyhdistykset, joille liikunta eri muodoissaan on er\u00e4s merkitt\u00e4v\u00e4 tapa yll\u00e4pit\u00e4\u00e4 maanpuolustuskuntoa ja -tahtoa.<\/p>\n<p>Paikallisyhdistyksiss\u00e4 liikunta ja urheilu tarjoavat mielekk\u00e4\u00e4n tavan yhdess\u00e4oloon ja samalla se on my\u00f6s t\u00e4rke\u00e4 toiminta-aktiviteetti. Piirit ja perusyhdistykset j\u00e4rjest\u00e4v\u00e4t liikunta- ja koulutustapahtumia vuositasolla n. 7.000 ja niihin osallistumiskertoja on n. 67.000. Reservil\u00e4isurheiluliiton kilpailu- ja toimintakalenteri on <a title=\"RESUL kilpailukalenteri\" href=\"http:\/\/www.resul.fi\/index.phtml?s=3\" target=\"_blank\" rel=\"noopener\">t\u00e4\u00e4ll\u00e4<\/a>.<\/p>\n<p>Jokainen reservil\u00e4inen voi pit\u00e4\u00e4 p\u00e4iv\u00e4kirjaa omista liikuntasuorituksistaan s\u00e4hk\u00f6ist\u00e4 kuntokorttia k\u00e4ytt\u00e4en. S\u00e4hk\u00f6inen kuntokortti auttaa seuraamaan omaa aktiivisuutta ja sit\u00e4 kautta my\u00f6s yll\u00e4pit\u00e4m\u00e4\u00e4n liikuntamotivaatiota ja monipuolista liikuntaa.\u00a0Kuntokortin k\u00e4ytt\u00e4minen vaatii rekister\u00f6itymist\u00e4. S\u00e4hk\u00f6isen kuntokortin voi ottaa k\u00e4ytt\u00f6\u00f6n <a title=\"RESUL s\u00e4hk\u00f6inen kuntokortti\" href=\"http:\/\/www.resul.fi\/index.phtml?s=117\" target=\"_blank\" rel=\"noopener\">t\u00e4\u00e4lt\u00e4<\/a>.<\/p>\n<hr \/>\n<p><strong>Liikuntatoimikunta<br \/>\n<\/strong> Kari Pentti<br \/>\npuh. 040-4115266<br \/>\ns-posti: kari.pentti(\u00e4t)suomi.net<\/p>\n","protected":false},"excerpt":{"rendered":"<p>Reservil\u00e4isurheiluliitto on valtakunnallinen urheiluj\u00e4rjest\u00f6, jonka j\u00e4seni\u00e4 ovat Suomen Reserviupseeriliitto, Reservil\u00e4isliitto\u00a0ja niiden piirit, Maanpuolustuskiltojen Liitto ja Suomen Rauhanturvaajaliitto.\u00a0 Reservil\u00e4isurheiluliiton toimintaan p\u00e4\u00e4see mukaan liittym\u00e4ll\u00e4 j\u00e4seneksi johonkin em. liittojen paikallisyhdistykseen. J\u00e4seni\u00e4 liitossa on t\u00e4ll\u00e4 hetkell\u00e4 n. 85.000. Reservil\u00e4isurheiluliiton kotisivu on t\u00e4\u00e4ll\u00e4. Reservil\u00e4isliikunnan yksi &hellip; <a href=\"https:\/\/www.kempeleenreservilaiset.fi\/2\/resul-2\/\">Lue loppuun <span class=\"meta-nav\">&rarr;<\/span><\/a><\/p>\n","protected":false},"author":3,"featured_media":0,"parent":0,"menu_order":0,"comment_status":"closed","ping_status":"closed","template":"sidebar-page.php","meta":{"footnotes":""},"class_list":["post-70","page","type-page","status-publish","hentry"],"_links":{"self":[{"href":"https:\/\/www.kempeleenreservilaiset.fi\/2\/wp-json\/wp\/v2\/pages\/70","targetHints":{"allow":["GET"]}}],"collection":[{"href":"https:\/\/www.kempeleenreservilaiset.fi\/2\/wp-json\/wp\/v2\/pages"}],"about":[{"href":"https:\/\/www.kempeleenreservilaiset.fi\/2\/wp-json\/wp\/v2\/types\/page"}],"author":[{"embeddable":true,"href":"https:\/\/www.kempeleenreservilaiset.fi\/2\/wp-json\/wp\/v2\/users\/3"}],"replies":[{"embeddable":true,"href":"https:\/\/www.kempeleenreservilaiset.fi\/2\/wp-json\/wp\/v2\/comments?post=70"}],"version-history":[{"count":5,"href":"https:\/\/www.kempeleenreservilaiset.fi\/2\/wp-json\/wp\/v2\/pages\/70\/revisions"}],"predecessor-version":[{"id":1075,"href":"https:\/\/www.kempeleenreservilaiset.fi\/2\/wp-json\/wp\/v2\/pages\/70\/revisions\/1075"}],"wp:attachment":[{"href":"https:\/\/www.kempeleenreservilaiset.fi\/2\/wp-json\/wp\/v2\/media?parent=70"}],"curies":[{"name":"wp","href":"https:\/\/api.w.org\/{rel}","templated":true}]}}