{"id":638,"date":"2017-01-16T20:20:57","date_gmt":"2017-01-16T18:20:57","guid":{"rendered":"http:\/\/www.kempeleenreservilaiset.fi\/2\/?page_id=638"},"modified":"2017-01-16T20:20:57","modified_gmt":"2017-01-16T18:20:57","slug":"saannot","status":"publish","type":"page","link":"https:\/\/www.kempeleenreservilaiset.fi\/2\/toiminta-3\/saannot\/","title":{"rendered":"S\u00e4\u00e4nn\u00f6t"},"content":{"rendered":"<p>Kempeleen Reserviupseerikerho ry:n s\u00e4\u00e4nn\u00f6t ovat luettavissa <a href=\"http:\/\/www.kempeleenreservilaiset.fi\/2\/wp-content\/uploads\/2017\/01\/RES_UPS_s\u00e4\u00e4nn\u00f6t.pdf\">t\u00e4\u00e4lt\u00e4<\/a>.<br \/>\n<break><br \/>\nKempeleen Reservil\u00e4iset &#8211; RAu ry:n s\u00e4\u00e4nn\u00f6t ovat luettavissa <a href=\"http:\/\/www.kempeleenreservilaiset.fi\/2\/wp-content\/uploads\/2017\/01\/Kempeleen_reservil\u00e4iset_s\u00e4\u00e4nn\u00f6t.pdf\">t\u00e4\u00e4lt\u00e4<\/a>.<\/p>\n","protected":false},"excerpt":{"rendered":"<p>Kempeleen Reserviupseerikerho ry:n s\u00e4\u00e4nn\u00f6t ovat luettavissa t\u00e4\u00e4lt\u00e4. Kempeleen Reservil\u00e4iset &#8211; RAu ry:n s\u00e4\u00e4nn\u00f6t ovat luettavissa t\u00e4\u00e4lt\u00e4.<\/p>\n","protected":false},"author":3,"featured_media":0,"parent":93,"menu_order":0,"comment_status":"closed","ping_status":"closed","template":"","meta":{"footnotes":""},"class_list":["post-638","page","type-page","status-publish","hentry"],"_links":{"self":[{"href":"https:\/\/www.kempeleenreservilaiset.fi\/2\/wp-json\/wp\/v2\/pages\/638","targetHints":{"allow":["GET"]}}],"collection":[{"href":"https:\/\/www.kempeleenreservilaiset.fi\/2\/wp-json\/wp\/v2\/pages"}],"about":[{"href":"https:\/\/www.kempeleenreservilaiset.fi\/2\/wp-json\/wp\/v2\/types\/page"}],"author":[{"embeddable":true,"href":"https:\/\/www.kempeleenreservilaiset.fi\/2\/wp-json\/wp\/v2\/users\/3"}],"replies":[{"embeddable":true,"href":"https:\/\/www.kempeleenreservilaiset.fi\/2\/wp-json\/wp\/v2\/comments?post=638"}],"version-history":[{"count":1,"href":"https:\/\/www.kempeleenreservilaiset.fi\/2\/wp-json\/wp\/v2\/pages\/638\/revisions"}],"predecessor-version":[{"id":639,"href":"https:\/\/www.kempeleenreservilaiset.fi\/2\/wp-json\/wp\/v2\/pages\/638\/revisions\/639"}],"up":[{"embeddable":true,"href":"https:\/\/www.kempeleenreservilaiset.fi\/2\/wp-json\/wp\/v2\/pages\/93"}],"wp:attachment":[{"href":"https:\/\/www.kempeleenreservilaiset.fi\/2\/wp-json\/wp\/v2\/media?parent=638"}],"curies":[{"name":"wp","href":"https:\/\/api.w.org\/{rel}","templated":true}]}}