{"id":43,"date":"2014-11-03T17:23:14","date_gmt":"2014-11-03T15:23:14","guid":{"rendered":"http:\/\/www.kempeleenreservilaiset.fi\/2\/?page_id=43"},"modified":"2022-02-28T22:49:33","modified_gmt":"2022-02-28T20:49:33","slug":"mpk","status":"publish","type":"page","link":"https:\/\/www.kempeleenreservilaiset.fi\/2\/mpk\/","title":{"rendered":"MPK"},"content":{"rendered":"<p class=\"wp-caption-dd\">\n<p><a href=\"https:\/\/mpk.fi\"><img loading=\"lazy\" decoding=\"async\" class=\"alignnone size-medium wp-image-1004\" src=\"http:\/\/www.kempeleenreservilaiset.fi\/2\/wp-content\/uploads\/2022\/02\/MPK_logo_high-300x159.jpg\" alt=\"\" width=\"300\" height=\"159\" srcset=\"https:\/\/www.kempeleenreservilaiset.fi\/2\/wp-content\/uploads\/2022\/02\/MPK_logo_high-300x159.jpg 300w, https:\/\/www.kempeleenreservilaiset.fi\/2\/wp-content\/uploads\/2022\/02\/MPK_logo_high-500x266.jpg 500w, https:\/\/www.kempeleenreservilaiset.fi\/2\/wp-content\/uploads\/2022\/02\/MPK_logo_high.jpg 711w\" sizes=\"auto, (max-width: 300px) 100vw, 300px\" \/><\/a><\/p>\n<p><a title=\"MPK kotisivu\" href=\"https:\/\/www.mpk.fi\" target=\"_blank\" rel=\"noopener\">Maanpuolustuskoulutusyhdistys<\/a> (MPK) on perustettu 1993. Se on\u00a0julkisoikeudellinen yhdistys, jonka toiminta ja hallinto m\u00e4\u00e4ritell\u00e4\u00e4n\u00a0<a title=\"Laki vapaaehtoisesta maanpuolustuksesta\" href=\"http:\/\/www.finlex.fi\/fi\/laki\/ajantasa\/2007\/20070556?search%5Btype%5D=pika&amp;search%5Bpika%5D=vapaaehtoinen%20maanpuolustus\" target=\"_blank\" rel=\"noopener\">laissa<\/a>\u00a0vapaaehtoisesta maanpuolustuksesta.<\/p>\n<p>MPK:n teht\u00e4v\u00e4n\u00e4 on j\u00e4rjest\u00e4\u00e4<\/p>\n<ul>\n<li>sotilaallista ja sotilaallisia valmiuksia palvelevaa koulutusta reservil\u00e4isille.<\/li>\n<li>kouluttaja- ja johtamiskoulutusta.<\/li>\n<li>varautumiskoulutusta yhteiskunnan h\u00e4iri\u00f6tilanteita ja poikkeusoloja varten.<\/li>\n<li>yleist\u00e4\u00a0kansalaistaito- ja\u00a0turvallisuuskoulutusta.<\/li>\n<\/ul>\n<p>MPK:lla ei ole henkil\u00f6j\u00e4seni\u00e4, vaan ainoastaan j\u00e4rjest\u00f6j\u00e4seni\u00e4.\u00a0Kaikki j\u00e4senet ovat\u00a0valtakunnallisesti toimivia\u00a0vapaaehtoisen maanpuolustuksen alalla toimivia j\u00e4rjest\u00f6j\u00e4. T\u00e4llaisia\u00a0j\u00e4rjest\u00f6j\u00e4 ovat mm. <a title=\"Suomen Reserviupseeriliitto ry kotisivu\" href=\"http:\/\/www.rul.fi\" target=\"_blank\" rel=\"noopener\">Suomen Reserviupseeriliitto ry <\/a>ja <a title=\"Reservilaisliitto ry kotisivu\" href=\"http:\/\/www.reservilaisliitto.fi\/\" target=\"_blank\" rel=\"noopener\">Reservil\u00e4isliitto ry<\/a>. N\u00e4iden\u00a0j\u00e4rjest\u00f6jen kautta my\u00f6s <a title=\"Kempeleen Reserviupseerikerho kotisivu\" href=\"http:\/\/www.kempeleenreservilaiset.fi\/2\/ruk\/\">Kempeleen Reserviupseerikerho ry <\/a>ja <a title=\"Kempeleen Reservil\u00e4iset - RAU kotisivu\" href=\"http:\/\/www.kempeleenreservilaiset.fi\/2\/res\/\">Kempeleen Reservil\u00e4iset \u2013 RAU ry <\/a>ovat MPK:n j\u00e4seni\u00e4.<\/p>\n<p>Kempeleess\u00e4 toimii <a title=\"MPK Kempele\" href=\"http:\/\/www.kempeleenreservilaiset.fi\/2\/mpk-kempele\/\">MPK:n paikallisosasto<\/a>.<\/p>\n<p>MPK:n toimintaa ohjaa ja valvoo <a title=\"Puolustusministeri\u00f6\" href=\"http:\/\/www.defmin.fi\/\" target=\"_blank\" rel=\"noopener\">Puolustusministeri\u00f6<\/a>.<\/p>\n<p>Lis\u00e4tietoja Maanpuolustuskoulutusyhdistyksest\u00e4 ja tulevista koulutuksista voit katsoa MPK:n <a title=\"MPK kotisivu\" href=\"https:\/\/www.mpk.fi\" target=\"_blank\" rel=\"noopener\">kotisivulta<\/a>.<\/p>\n","protected":false},"excerpt":{"rendered":"<p>Maanpuolustuskoulutusyhdistys (MPK) on perustettu 1993. Se on\u00a0julkisoikeudellinen yhdistys, jonka toiminta ja hallinto m\u00e4\u00e4ritell\u00e4\u00e4n\u00a0laissa\u00a0vapaaehtoisesta maanpuolustuksesta. MPK:n teht\u00e4v\u00e4n\u00e4 on j\u00e4rjest\u00e4\u00e4 sotilaallista ja sotilaallisia valmiuksia palvelevaa koulutusta reservil\u00e4isille. kouluttaja- ja johtamiskoulutusta. varautumiskoulutusta yhteiskunnan h\u00e4iri\u00f6tilanteita ja poikkeusoloja varten. yleist\u00e4\u00a0kansalaistaito- ja\u00a0turvallisuuskoulutusta. MPK:lla ei ole henkil\u00f6j\u00e4seni\u00e4, &hellip; <a href=\"https:\/\/www.kempeleenreservilaiset.fi\/2\/mpk\/\">Lue loppuun <span class=\"meta-nav\">&rarr;<\/span><\/a><\/p>\n","protected":false},"author":1,"featured_media":0,"parent":0,"menu_order":0,"comment_status":"closed","ping_status":"closed","template":"sidebar-page.php","meta":{"footnotes":""},"class_list":["post-43","page","type-page","status-publish","hentry"],"_links":{"self":[{"href":"https:\/\/www.kempeleenreservilaiset.fi\/2\/wp-json\/wp\/v2\/pages\/43","targetHints":{"allow":["GET"]}}],"collection":[{"href":"https:\/\/www.kempeleenreservilaiset.fi\/2\/wp-json\/wp\/v2\/pages"}],"about":[{"href":"https:\/\/www.kempeleenreservilaiset.fi\/2\/wp-json\/wp\/v2\/types\/page"}],"author":[{"embeddable":true,"href":"https:\/\/www.kempeleenreservilaiset.fi\/2\/wp-json\/wp\/v2\/users\/1"}],"replies":[{"embeddable":true,"href":"https:\/\/www.kempeleenreservilaiset.fi\/2\/wp-json\/wp\/v2\/comments?post=43"}],"version-history":[{"count":26,"href":"https:\/\/www.kempeleenreservilaiset.fi\/2\/wp-json\/wp\/v2\/pages\/43\/revisions"}],"predecessor-version":[{"id":1006,"href":"https:\/\/www.kempeleenreservilaiset.fi\/2\/wp-json\/wp\/v2\/pages\/43\/revisions\/1006"}],"wp:attachment":[{"href":"https:\/\/www.kempeleenreservilaiset.fi\/2\/wp-json\/wp\/v2\/media?parent=43"}],"curies":[{"name":"wp","href":"https:\/\/api.w.org\/{rel}","templated":true}]}}