{"id":40,"date":"2014-11-03T17:23:03","date_gmt":"2014-11-03T15:23:03","guid":{"rendered":"http:\/\/www.kempeleenreservilaiset.fi\/2\/?page_id=40"},"modified":"2023-09-04T08:23:10","modified_gmt":"2023-09-04T05:23:10","slug":"res","status":"publish","type":"page","link":"https:\/\/www.kempeleenreservilaiset.fi\/2\/res\/","title":{"rendered":"RES"},"content":{"rendered":"<p>Suomessa toimii Puolustusvoimien tukena lukuisia vapaaehtoista maanpuolustusty\u00f6t\u00e4 tekevi\u00e4 j\u00e4rjest\u00f6j\u00e4. N\u00e4ist\u00e4 suurin on vuonna 1955 perustettu Reservil\u00e4isliitto ry, jonka organisaatioon kuuluu 18 maakunnallista piiri\u00e4 ja yli 350 paikallista j\u00e4senyhdistyst\u00e4. Henkil\u00f6j\u00e4seni\u00e4 liiton paikallisyhdistyksiss\u00e4 on noin 36.000.<\/p>\n<p>Reservil\u00e4isliiton teht\u00e4v\u00e4n\u00e4 on yll\u00e4pit\u00e4\u00e4 ja kehitt\u00e4\u00e4 kansalaisten maanpuolustustahtoa sek\u00e4 reservil\u00e4isten ns. kentt\u00e4kelpoisuutta. Yleisimpi\u00e4 toimintamuotoja ovat ammunta, maastotoiminta, liikunta ja urheilu, erilainen koulutus sek\u00e4 maanpuolustustahdon yll\u00e4pit\u00e4miseen t\u00e4ht\u00e4\u00e4v\u00e4 ty\u00f6. My\u00f6s veteraanity\u00f6 ja -tuki on laajaa.<\/p>\n<p>Reservil\u00e4isliitto on mukana Maanpuolustuskoulutusyhdistyks<wbr \/>en (MPK) toiminnassa, joka mm. j\u00e4rjest\u00e4\u00e4 reservil\u00e4isille tarkoitettua sotilaallista koulutusta sek\u00e4 erilaista onnettomuustilannekoulutusta. L\u00e4hes puolet MPK:n kouluttajista on Reservil\u00e4isliiton j\u00e4seni\u00e4.<\/p>\n<p>Reservil\u00e4isliitossa henkil\u00f6j\u00e4senet kuuluvat liiton paikallisyhdistyksiin, jollainen on l\u00e4hes jokaisella Suomen paikkakunnalla. Periaatteessa j\u00e4seneksi voi liitty\u00e4 kuka tahansa t\u00e4ysik\u00e4inen Suomen kansalainen mutta j\u00e4senyysehdot vaihtelevat yhdistyksitt\u00e4in. Jokainen j\u00e4sen on velvollinen maksamaan vuotuisen, yhdistyskohtaisen j\u00e4senmaksun, jonka suuruus on 25-35 euroa.<\/p>\n<p>J\u00e4senyyden my\u00f6t\u00e4 voi osallistua vapaasti oman yhdistyksen, piirin ja liiton j\u00e4rjest\u00e4m\u00e4\u00e4n toimintaan. J\u00e4senmaksuun kuuluu my\u00f6s\u00a0<a title=\"Reservil\u00e4inen\" href=\"http:\/\/www.sanomapaino.fi\/DIGIJULKAISU\/Reservilainen\/#\/1\/\" target=\"_blank\" rel=\"noopener\">Reservil\u00e4inen-lehden<\/a>\u00a0<wbr \/>vuosikerta (8 nroa), oman piirin piirilehden vuosikerta sek\u00e4 erilaisia j\u00e4senetuja ja alennuksia.<\/p>\n<hr \/>\n<p><strong>Kempeleen reservil\u00e4iset-RAU ry<\/strong><\/p>\n<p>Puheenjohtaja:<br \/>\nJyrki Heinonen<br \/>\npuh. 040 574 4669<br \/>\ns-posti: jyrki.heinonen300(\u00e4t)live.com<\/p>\n","protected":false},"excerpt":{"rendered":"<p>Suomessa toimii Puolustusvoimien tukena lukuisia vapaaehtoista maanpuolustusty\u00f6t\u00e4 tekevi\u00e4 j\u00e4rjest\u00f6j\u00e4. N\u00e4ist\u00e4 suurin on vuonna 1955 perustettu Reservil\u00e4isliitto ry, jonka organisaatioon kuuluu 18 maakunnallista piiri\u00e4 ja yli 350 paikallista j\u00e4senyhdistyst\u00e4. Henkil\u00f6j\u00e4seni\u00e4 liiton paikallisyhdistyksiss\u00e4 on noin 36.000. Reservil\u00e4isliiton teht\u00e4v\u00e4n\u00e4 on yll\u00e4pit\u00e4\u00e4 ja kehitt\u00e4\u00e4 &hellip; <a href=\"https:\/\/www.kempeleenreservilaiset.fi\/2\/res\/\">Lue loppuun <span class=\"meta-nav\">&rarr;<\/span><\/a><\/p>\n","protected":false},"author":1,"featured_media":0,"parent":0,"menu_order":0,"comment_status":"closed","ping_status":"closed","template":"sidebar-page.php","meta":{"footnotes":""},"class_list":["post-40","page","type-page","status-publish","hentry"],"_links":{"self":[{"href":"https:\/\/www.kempeleenreservilaiset.fi\/2\/wp-json\/wp\/v2\/pages\/40","targetHints":{"allow":["GET"]}}],"collection":[{"href":"https:\/\/www.kempeleenreservilaiset.fi\/2\/wp-json\/wp\/v2\/pages"}],"about":[{"href":"https:\/\/www.kempeleenreservilaiset.fi\/2\/wp-json\/wp\/v2\/types\/page"}],"author":[{"embeddable":true,"href":"https:\/\/www.kempeleenreservilaiset.fi\/2\/wp-json\/wp\/v2\/users\/1"}],"replies":[{"embeddable":true,"href":"https:\/\/www.kempeleenreservilaiset.fi\/2\/wp-json\/wp\/v2\/comments?post=40"}],"version-history":[{"count":13,"href":"https:\/\/www.kempeleenreservilaiset.fi\/2\/wp-json\/wp\/v2\/pages\/40\/revisions"}],"predecessor-version":[{"id":1127,"href":"https:\/\/www.kempeleenreservilaiset.fi\/2\/wp-json\/wp\/v2\/pages\/40\/revisions\/1127"}],"wp:attachment":[{"href":"https:\/\/www.kempeleenreservilaiset.fi\/2\/wp-json\/wp\/v2\/media?parent=40"}],"curies":[{"name":"wp","href":"https:\/\/api.w.org\/{rel}","templated":true}]}}