{"id":37,"date":"2014-11-03T17:22:52","date_gmt":"2014-11-03T15:22:52","guid":{"rendered":"http:\/\/www.kempeleenreservilaiset.fi\/2\/?page_id=37"},"modified":"2023-01-04T22:05:23","modified_gmt":"2023-01-04T20:05:23","slug":"ruk","status":"publish","type":"page","link":"https:\/\/www.kempeleenreservilaiset.fi\/2\/ruk\/","title":{"rendered":"RUK"},"content":{"rendered":"<p>Suomen Reserviupseeriliitto (RUL) on reserviupseerien valmiuksia kehitt\u00e4v\u00e4 yhteistoimintaj\u00e4rjest\u00f6, joka vaikuttaa maanpuolustusedellytysten paranemiseen ja tukee valtakunnan turvallisuutta. RUL:n teht\u00e4v\u00e4n\u00e4 on yll\u00e4pit\u00e4\u00e4 reserviupseerien sotilaallisia tietoja, johtajakyky\u00e4 ja valmiuksia sek\u00e4 toimia reserviupseerikerhojen ja niiden j\u00e4senten v\u00e4lisen\u00e4 yhdyssiteen\u00e4. RUL on puoluepoliittisesti sitoutumaton.<\/p>\n<p>Ensimm\u00e4inen reserviupseerikerho perustettiin Helsinkiin vuonna 1925. Kyseess\u00e4 oli Valtakunnallinen Reserviupseerikerho, jonka toiminta laajeni pian muihinkin kaupunkeihin. N\u00e4in valtakunnallisen keskusj\u00e4rjest\u00f6n perustaminen tuli ajankohtaiseksi muutamassa vuodessa. RUL on perustettu 17.5.1931 Katajanokan Upseerikerholla eli nykyisell\u00e4 Katajanokan Kasinolla. Ensimm\u00e4iseksi puheenjohtajaksi valittiin v\u00e4nrikki N.A. Hild\u00e9n (Osara vuodesta 1935 l\u00e4htien). Nykyinen puheenjohtaja Mikko Halkilahti on j\u00e4rjestyksess\u00e4\u00e4n liiton kahdestoista puheenjohtaja. Ainoa RUL:n kunniapuheenjohtaja on ollut Suomen Marsalkka C.G.E Mannerheim.<\/p>\n<p>T\u00e4ll\u00e4 hetkell\u00e4 RUL:ssa on noin 28.000 j\u00e4sent\u00e4. Liittoon kuuluu 320 j\u00e4senyhdistyst\u00e4 ja 20 reserviupseeripiiri\u00e4. J\u00e4senist\u00e4 kolmasosa on alle 35 vuotiaita. Liiton \u00e4\u00e4nenkannattaja on Reservil\u00e4inen -lehti , joka on yhteinen Reservil\u00e4isliiton\u00a0kanssa. Lehden painos on 55.000 kappaletta.<\/p>\n<p>Liiton keskeisi\u00e4\u00a0<a href=\"http:\/\/www.rul.fi\/reserviupseeriliitto\/toiminta\/\" target=\"_blank\" rel=\"noopener\">toimintamuotoja<\/a>\u00a0ovat mm. koulutus, urheilu- ja liikuntatoiminta, sek\u00e4 j\u00e4rjest\u00f6-, aatteellinen- ja perinnetoiminta. Urheilu- ja liikuntatoiminnassa korostuvat sotilastaitoja kehitt\u00e4v\u00e4t maastojotokset ja -harjoitukset sek\u00e4 ammunta ja suunnistus. RUL on ollut yhdess\u00e4 puolustusvoimien sek\u00e4 muiden maanpuolustusj\u00e4rjest\u00f6jen kanssa voimakkaasti mukana kehitt\u00e4m\u00e4ss\u00e4 vapaaehtoista maanpuolustuskoulutusta mm. Maanpuolustuskoulutusyhdistyks<wbr \/>en kautta. RUL:n erityisen kiinnostuksen kohteena on johtamis- ja kouluttajakoulutus.<\/p>\n<p>Liitto on j\u00e4senen\u00e4\u00a0<a href=\"https:\/\/mpk.fi\/\" target=\"_blank\" rel=\"noopener\">Maanpuolustuskoulutus<wbr \/>yhdistyksess\u00e4<\/a>\u00a0,\u00a0<a href=\"http:\/\/www.maanpuolustuksentuki.fi\/wp\/\" target=\"_blank\" rel=\"noopener\">Maanpuolustuks<wbr \/>en Tuki ry<\/a>:ss\u00e4 ja\u00a0<a href=\"http:\/\/www.resul.fi\/\" target=\"_blank\" rel=\"noopener\">Reservil\u00e4isurheiluliitossa<\/a>.<\/p>\n<p>Liitolla on kiinte\u00e4t kansainv\u00e4liset suhteet pohjoismaisiin reserviupseeriliittoihin (SVEROF Ruotsi , NROF Norja , HPRD Tanska ), Ven\u00e4j\u00e4n ROSTO -maanpuolustusj\u00e4rjest\u00f6\u00f6n ja liit\u00e4nn\u00e4isj\u00e4rjest\u00f6sopimuksella NATO:n reserviupseerij\u00e4rjest\u00f6\u00f6n CIOR:iin . Yksi t\u00e4rkeimmist\u00e4 yhteisty\u00f6j\u00e4rjest\u00f6ist\u00e4 on Viron Reserviupseerikunta, EROK , jonka kanssa RUL on aloittanut yhteisty\u00f6n vuonna 1998.<\/p>\n<p>RUL:n j\u00e4senyys tuo\u00a0<a href=\"http:\/\/www.rul.fi\/reserviupseeriliitto\/jasenyys\/jasenedut\/\" target=\"_blank\" rel=\"noopener\">selkeit\u00e4 etuja<\/a>, mm. Reservil\u00e4inen -lehden, piirilehden, vakuutus-, laina- ja polttoneste-etuja.<\/p>\n<hr \/>\n<p><strong>Kempeleen reserviupseerikerho ry<\/strong><br \/>\nPuheenjohtaja:<br \/>\nJari Pakanen<br \/>\npuh. 040-8331106<br \/>\ns-posti: jari.pakanen(\u00e4t)mail.suomi.net<\/p>\n<p>Varapuheenjohtaja:<br \/>\nVeijo Kosola<br \/>\npuh. 040-1963553<br \/>\ns-posti: veijokosola(\u00e4t)gmail.com<\/p>\n","protected":false},"excerpt":{"rendered":"<p>Suomen Reserviupseeriliitto (RUL) on reserviupseerien valmiuksia kehitt\u00e4v\u00e4 yhteistoimintaj\u00e4rjest\u00f6, joka vaikuttaa maanpuolustusedellytysten paranemiseen ja tukee valtakunnan turvallisuutta. RUL:n teht\u00e4v\u00e4n\u00e4 on yll\u00e4pit\u00e4\u00e4 reserviupseerien sotilaallisia tietoja, johtajakyky\u00e4 ja valmiuksia sek\u00e4 toimia reserviupseerikerhojen ja niiden j\u00e4senten v\u00e4lisen\u00e4 yhdyssiteen\u00e4. RUL on puoluepoliittisesti sitoutumaton. Ensimm\u00e4inen reserviupseerikerho &hellip; <a href=\"https:\/\/www.kempeleenreservilaiset.fi\/2\/ruk\/\">Lue loppuun <span class=\"meta-nav\">&rarr;<\/span><\/a><\/p>\n","protected":false},"author":1,"featured_media":0,"parent":0,"menu_order":0,"comment_status":"closed","ping_status":"closed","template":"sidebar-page.php","meta":{"footnotes":""},"class_list":["post-37","page","type-page","status-publish","hentry"],"_links":{"self":[{"href":"https:\/\/www.kempeleenreservilaiset.fi\/2\/wp-json\/wp\/v2\/pages\/37","targetHints":{"allow":["GET"]}}],"collection":[{"href":"https:\/\/www.kempeleenreservilaiset.fi\/2\/wp-json\/wp\/v2\/pages"}],"about":[{"href":"https:\/\/www.kempeleenreservilaiset.fi\/2\/wp-json\/wp\/v2\/types\/page"}],"author":[{"embeddable":true,"href":"https:\/\/www.kempeleenreservilaiset.fi\/2\/wp-json\/wp\/v2\/users\/1"}],"replies":[{"embeddable":true,"href":"https:\/\/www.kempeleenreservilaiset.fi\/2\/wp-json\/wp\/v2\/comments?post=37"}],"version-history":[{"count":8,"href":"https:\/\/www.kempeleenreservilaiset.fi\/2\/wp-json\/wp\/v2\/pages\/37\/revisions"}],"predecessor-version":[{"id":1070,"href":"https:\/\/www.kempeleenreservilaiset.fi\/2\/wp-json\/wp\/v2\/pages\/37\/revisions\/1070"}],"wp:attachment":[{"href":"https:\/\/www.kempeleenreservilaiset.fi\/2\/wp-json\/wp\/v2\/media?parent=37"}],"curies":[{"name":"wp","href":"https:\/\/api.w.org\/{rel}","templated":true}]}}