{"id":154,"date":"2014-11-12T14:22:14","date_gmt":"2014-11-12T12:22:14","guid":{"rendered":"http:\/\/www.kempeleenreservilaiset.fi\/2\/?page_id=154"},"modified":"2014-11-12T14:22:14","modified_gmt":"2014-11-12T12:22:14","slug":"kempeleen-reservilaistoiminnan-kehittyminen-suomen-malliseuraksi","status":"publish","type":"page","link":"https:\/\/www.kempeleenreservilaiset.fi\/2\/ruk\/kempeleen-reservilaistoiminnan-kehittyminen-suomen-malliseuraksi\/","title":{"rendered":"Kempeleen reservil\u00e4istoiminnan kehittyminen Suomen malliseuraksi"},"content":{"rendered":"<p><strong>Raimo Heiskari<\/strong><\/p>\n<p><strong>Poimintoja Matti Teirikon historiikist\u00e4<\/strong><\/p>\n<p>Kempeleen yhdistystoiminnan voidaan todeta alkaneen siit\u00e4 kun 7 upseeria perusti Kempeleen upseerikerhon Sampolassa 17.3.1957. Sen hetkinen upseerien m\u00e4\u00e4r\u00e4 oli Kempeleess\u00e4 yhteens\u00e4 13 henkil\u00f6\u00e4. Aluksi toiminta oli aktiivista ja kokouksia pidettiin aloitusvuotena 6 kpl. Toimintaa j\u00e4rjestettiin hiihtokilpailuiden, suunnistuksen, kunniavartioiden ja ammunnan merkeiss\u00e4. Yhteisty\u00f6t\u00e4 Oulun kanssa harrastettiin jo silloin pit\u00e4m\u00e4ll\u00e4 mm. yhteinen Itsen\u00e4isyysp\u00e4iv\u00e4juhla. Naisetkin olivat mukana jo silloin ja naisjaosto j\u00e4rjesti mm. ompeluiltoja, pikkujouluja ym. tilaisuuksia toiminnan tukemiseksi. Vuonna 1957 liikuntaharrastuksena mukaan tuli lentopallo ja kuntopiiri.<\/p>\n<p>Sen j\u00e4lkeen toiminta kuitenkin alkoi hiipumaan. Seurauksia voi ehk\u00e4 etsi\u00e4 sen aikaisista yhteiskunnallisista syist\u00e4 eik\u00e4 henkil\u00f6iden v\u00e4symist\u00e4 teht\u00e4viin voi kokonaan lukea pois syist\u00e4 toiminnan v\u00e4henemiseen. Vuosina 1969- 1971 johtokunnan kokouksia ei juuri pidetty. Kerhoiltoja kuitenkin j\u00e4rjestettiin.<\/p>\n<p>\u201dUudelleen her\u00e4\u00e4minen\u201d, kuten historiikin kirjoittaja Matti Teirikko ilmaisee, alkoi 1980 alussa. Puuhamiehin\u00e4 toimivat Matin lis\u00e4ksi sihteerin\u00e4 Ilkka P\u00f6yry. Toiminta oli aluksi vilkasta ja silloinkin harjoiteltiin edellisten lajien lis\u00e4ksi mm. maastojuoksua, suunnistusta ja IT- ammuntaa ilmeisesti puolustusvoimain avustamana. V\u00e4lill\u00e4 oli my\u00f6s hiljaisempiakin kausia.<\/p>\n<p>Er\u00e4s merkkipaalu oli vuonna 1994 kun perustettiin Kempeleen Reservialiupseerit ry. Mukaan tulivat my\u00f6s Oulunsalon ja Hailuodon j\u00e4senet. J\u00e4rjest\u00e4ytymiskokous pidettiin Piril\u00e4ss\u00e4 24.3.1994. Yhteistoiminta molempien j\u00e4rjest\u00f6jen eli upseereiden ja aliupseereiden kesken l\u00e4hti heti hyvin k\u00e4yntiin. J\u00e4rjestettiin yhteisi\u00e4 retki\u00e4 ja tilaisuuksia, joihin saatiin my\u00f6s asiantuntijoita luennoimaan kiinnostavista asioista. Ansioituneiden palkitseminen yhteistuumin alkoi v. 1995 aikoihin. Samalla p\u00e4\u00e4tettiin yhteisen p\u00f6yt\u00e4standaarin ja lipun hankinta. Kansalaisen turvakurssi sek\u00e4 kuntien varautumiseen liittyv\u00e4t teht\u00e4v\u00e4t tulivat mukaan toimintaan.<\/p>\n<p>MPK:n paikallisosasto perustettiin 15.8.1996 ja p\u00e4\u00e4llik\u00f6ksi valittiin aliupseereiden Pauli Koponen varalle Vesa Matkaselk\u00e4. Samana vuotena aliupseereiden nimi muutettiin Kempeleen Reservil\u00e4iset RAU ry:ksi. Toiminta-alueena Oulunsalo ja Hailuoto ja vaatimuksena silloin oli varusmiespalveluksen suorittaminen. Ensimm\u00e4inen kuntien varautumiseen liittyv\u00e4 koulutus oli Kohteen suojaaminen, joka j\u00e4rjestettiin 19.-21.9. 1998. Kunnanjohtaja Kari Ahokkaan esimerkillinen rooli kuntien varautumiskoulutukseen yhdess\u00e4 Pentti Leikkaan kanssa on ollut osaltaan aktivoiva ja yhdist\u00e4v\u00e4 tekij\u00e4 toiminnoissamme.<\/p>\n<p><strong>Nykyinen toiminta<\/strong><\/p>\n<p>Kuten historiikissa mainittiin, merkkipaaluna nykyisen muotoiselle toiminnalle on vuosi 1994, jolloin molempien kerhojen toiminta yhdistettiin samojen p\u00e4\u00e4m\u00e4\u00e4rien saavuttamiseksi. Molemmat kerhot jatkavat omilla nimill\u00e4\u00e4n, mutta toiminta on yhteist\u00e4. Yhdess\u00e4 toimien ja samanhenkisten voimavarojen yhdist\u00e4minen on voimavara, jonka merkityksen arvosta olemme ylpeit\u00e4. Ilman yhteisty\u00f6t\u00e4 omien ja ulkopuolisten tahojen kanssa j\u00e4rjest\u00f6t eiv\u00e4t voi menesty\u00e4. Yhteisty\u00f6 on se voima, jolla asetetut tavoitteet saavutetaan. Toimintamme nykyisell\u00e4\u00e4n on eritt\u00e4in aktiivista ja monipuolista. Perinteit\u00e4k\u00e4\u00e4n emme ole unohtaneet ja veteraanity\u00f6, seppelpartiot ja kunniavartiot kuuluvat edelleen juhlatilaisuuksiin. Liikuntaa harrastetaan lentopallon, hiihdon ja \u201dPuntin Lenkin\u201d merkeiss\u00e4. Markon Hiihtoralli ja kes\u00e4n polkupy\u00f6r\u00e4marssi kev\u00e4\u00e4n jotoksineen kuuluvat vakiotapahtumiin. \u00a0Kunnon mittauksia mm. Inbody- menetelm\u00e4ll\u00e4 ja eri testeill\u00e4 suoritetaan pari kertaa vuodessa. Ammuntaa harrastetaan vakiovuoroilla v\u00e4hint\u00e4\u00e4n kerran viikossa ja lis\u00e4ksi Saken Maljassa katsastetaan ampujien paremmuus. Lis\u00e4ksi aktiivisimmat j\u00e4senet kilpailevat alueellisissa ja valtakunnallisissa tapahtumissa. MPK ry on j\u00e4rjest\u00e4nyt koulutuksia ja saanut j\u00e4seni\u00e4 mukaan kiitett\u00e4v\u00e4sti nykyisen p\u00e4\u00e4llik\u00f6n Timo Kes\u00e4l\u00e4isen aktiivisella ja positiivisella asenteella. Ilman tukitoimintaa on vaikeaa saada j\u00e4senist\u00f6\u00e4 mukaan. Niinp\u00e4 yhdistyst\u00e4mme tukee yli 40 yrityst\u00e4 Teuvo Ottavaisen johtaman talousjaoksen ansiokkaan ty\u00f6n johdosta.<\/p>\n<p>Seikka, joka antaa voimia vuodesta toiseen tehd\u00e4 ty\u00f6t\u00e4 yhteisten asioiden hyv\u00e4ksi t\u00e4ytyy olla my\u00f6s jossain muodossa palkitsevaa. Niinp\u00e4 kerhossamme on ollut k\u00e4yt\u00f6ss\u00e4 usean vuoden ajan palkitsemisj\u00e4rjestelm\u00e4 nykyisen p\u00e4\u00e4llikk\u00f6mme Jari Pakasen laatimana.<\/p>\n<p><strong>Sadon korjuu<br \/>\n<\/strong><\/p>\n<p>Forssassa 21.4.2012 pidettiin Reservil\u00e4isliiton vuosikokous. Tilaisuuden alustuspuheenvuorossa eversti Jyrki Heinonen piti valaisevan ja keskustelua her\u00e4tt\u00e4v\u00e4n esitelm\u00e4n puolustusvoimien s\u00e4\u00e4st\u00f6toimenpiteist\u00e4.<\/p>\n<p>Ennen kokousasioihin siirtymist\u00e4 oli vuoden reservil\u00e4isen ja malliyhdistyksen valinta. Valinta vuoden reservil\u00e4iseksi kohdistui t\u00e4n\u00e4 vuonna helsinkil\u00e4iseen kersantti Markku Viikkiin. H\u00e4n toimii kouluttajana Helsingin Kotu- joukoissa ja on palvellut kansainv\u00e4lisiss\u00e4 teht\u00e4viss\u00e4 Kosovossa.<\/p>\n<p>Vuoden malliyhdistykseksi valittiin Kempeleen Reservil\u00e4iset RAU ry. Kriteerein\u00e4 mainittiin: \u201dKempele-Oulunsalon toiminta on hyvin suunnitemallista ja aktiivista. Erityist\u00e4 huomiota malliyhdistysvalinnassa kiinnitettiin yhdistyksen liikunta- ja urheilutoimintaan, jota on kehitetty yhdess\u00e4 ammattivalmentajien, l\u00e4\u00e4k\u00e4reiden ja ravintoterapeuttien kanssa. Lis\u00e4ksi Kempele-Oulunsalon varainhankinta on poikkeuksellisen hyvin j\u00e4rjestetty. Yhdistyksen toimintaa tulee yli 40 erilaista yhteisty\u00f6kumppania.\u201d Reservil\u00e4isliitto on nimennyt malliyhdistyksi\u00e4 vuodesta 1980 alkaen. Kempele-Oulunsalosta tuli 30. vuoden malliyhdistys. Yhdistyksen toimintaan voi tutustua my\u00f6s internetiss\u00e4 osoitteessa www. kempeleenreservilaiset.fi.<\/p>\n<p>Paljon on aikaa kulunut yhteisty\u00f6siemenen syntymisest\u00e4 kylv\u00e4miseen ja kasvamiseen nykyiseen mittaan. Nyt on aika nauttia sadosta kaikkien yhteisty\u00f6kumppaneiden kanssa.<\/p>\n<p>Ilmoitan t\u00e4ss\u00e4 n\u00f6yrimm\u00e4t kiitokseni edell\u00e4 mainituille yhteis\u00f6ille ja viel\u00e4 erityisesti kaikille henkil\u00f6ille, jotka ovat edist\u00e4neet saavuttamaamme valtakunnallista arvostusta sek\u00e4 yhteisty\u00f6t\u00e4 maanpuolustuksen ja kuntien varautumisen parissa ty\u00f6skenteleville.<\/p>\n","protected":false},"excerpt":{"rendered":"<p>Raimo Heiskari Poimintoja Matti Teirikon historiikist\u00e4 Kempeleen yhdistystoiminnan voidaan todeta alkaneen siit\u00e4 kun 7 upseeria perusti Kempeleen upseerikerhon Sampolassa 17.3.1957. Sen hetkinen upseerien m\u00e4\u00e4r\u00e4 oli Kempeleess\u00e4 yhteens\u00e4 13 henkil\u00f6\u00e4. Aluksi toiminta oli aktiivista ja kokouksia pidettiin aloitusvuotena 6 kpl. Toimintaa &hellip; <a href=\"https:\/\/www.kempeleenreservilaiset.fi\/2\/ruk\/kempeleen-reservilaistoiminnan-kehittyminen-suomen-malliseuraksi\/\">Lue loppuun <span class=\"meta-nav\">&rarr;<\/span><\/a><\/p>\n","protected":false},"author":1,"featured_media":0,"parent":37,"menu_order":0,"comment_status":"closed","ping_status":"closed","template":"","meta":{"footnotes":""},"class_list":["post-154","page","type-page","status-publish","hentry"],"_links":{"self":[{"href":"https:\/\/www.kempeleenreservilaiset.fi\/2\/wp-json\/wp\/v2\/pages\/154","targetHints":{"allow":["GET"]}}],"collection":[{"href":"https:\/\/www.kempeleenreservilaiset.fi\/2\/wp-json\/wp\/v2\/pages"}],"about":[{"href":"https:\/\/www.kempeleenreservilaiset.fi\/2\/wp-json\/wp\/v2\/types\/page"}],"author":[{"embeddable":true,"href":"https:\/\/www.kempeleenreservilaiset.fi\/2\/wp-json\/wp\/v2\/users\/1"}],"replies":[{"embeddable":true,"href":"https:\/\/www.kempeleenreservilaiset.fi\/2\/wp-json\/wp\/v2\/comments?post=154"}],"version-history":[{"count":1,"href":"https:\/\/www.kempeleenreservilaiset.fi\/2\/wp-json\/wp\/v2\/pages\/154\/revisions"}],"predecessor-version":[{"id":155,"href":"https:\/\/www.kempeleenreservilaiset.fi\/2\/wp-json\/wp\/v2\/pages\/154\/revisions\/155"}],"up":[{"embeddable":true,"href":"https:\/\/www.kempeleenreservilaiset.fi\/2\/wp-json\/wp\/v2\/pages\/37"}],"wp:attachment":[{"href":"https:\/\/www.kempeleenreservilaiset.fi\/2\/wp-json\/wp\/v2\/media?parent=154"}],"curies":[{"name":"wp","href":"https:\/\/api.w.org\/{rel}","templated":true}]}}