{"id":138,"date":"2014-11-12T12:49:20","date_gmt":"2014-11-12T10:49:20","guid":{"rendered":"http:\/\/www.kempeleenreservilaiset.fi\/2\/?page_id=138"},"modified":"2023-01-04T22:11:25","modified_gmt":"2023-01-04T20:11:25","slug":"mpk-kempele","status":"publish","type":"page","link":"https:\/\/www.kempeleenreservilaiset.fi\/2\/mpk-kempele\/","title":{"rendered":"MPK Kempele"},"content":{"rendered":"<p>Maanpuolustuskoulutusyhdistyksen (MPK)\u00a0Kempeleen paikallisosasto on perustettu 1996 toisena paikallisosastona koko Suomessa. Sen teht\u00e4v\u00e4n\u00e4 on kotiseudun turvallisuudesta huolehtiminen kaikissa olosuhteissa.<\/p>\n<p>Kempeleen paikallisosastoa johtaa paikallisp\u00e4\u00e4llikk\u00f6, jolla on apunaan reservil\u00e4isyhdistysten puheenjohtajistosta koostuva johtoryhm\u00e4.<\/p>\n<p>Useimmat Kempeleen reservil\u00e4isten j\u00e4rjest\u00e4m\u00e4t tapahtumat j\u00e4rjestet\u00e4\u00e4n yhteisty\u00f6ss\u00e4 MPK:n kanssa, jolloin ne n\u00e4kyv\u00e4t omina tapahtuminaan MPK:n Pohjois-Pohjanmaan\u00a0maakunnan tapahtumatarjonnassa. T\u00e4llaisia tapahtumia ovat mm. vuosittaiset ampumakilpailut ja\u00a0hiihtojotos sek\u00e4 syksyll\u00e4 2014 pidetty S\u00e4hk\u00f6t poikki-varautumiskurssi Kempeleen kuntalaisille.\u00a0MPK:n Pohjois-Suomen piirin\u00a0tapahtumat voi katsoa\u00a0<a title=\"MPK Pohjois-Suomen piiri\" href=\"https:\/\/koulutuskalenteri.mpk.fi\/Koulutuskalenteri?unit_id=78\" target=\"_blank\" rel=\"noopener\">t\u00e4\u00e4lt\u00e4<\/a>.<\/p>\n<p>MPK:n toiminta Kempeleess\u00e4 on kiitett\u00e4v\u00e4n vilkasta, ja t\u00e4\u00e4ll\u00e4 on paljon toimintaan sitoutuneita ihmisi\u00e4, jotka toimivat aktiivisesti muuallakin kuin Kempeleess\u00e4.<\/p>\n<p>Jos\u00a0haluat tulla mukaan MPK:n toimintaan tai haluat lis\u00e4tietoja toiminnasta, ota yhteytt\u00e4.<\/p>\n<p><strong>MPK Paikallisp\u00e4\u00e4llikk\u00f6<\/strong><\/p>\n<p>Veijo Kosola<br \/>\npuh. 040-1963553<br \/>\ns-posti: veijokosola(\u00e4t)gmail.com<\/p>\n","protected":false},"excerpt":{"rendered":"<p>Maanpuolustuskoulutusyhdistyksen (MPK)\u00a0Kempeleen paikallisosasto on perustettu 1996 toisena paikallisosastona koko Suomessa. Sen teht\u00e4v\u00e4n\u00e4 on kotiseudun turvallisuudesta huolehtiminen kaikissa olosuhteissa. Kempeleen paikallisosastoa johtaa paikallisp\u00e4\u00e4llikk\u00f6, jolla on apunaan reservil\u00e4isyhdistysten puheenjohtajistosta koostuva johtoryhm\u00e4. Useimmat Kempeleen reservil\u00e4isten j\u00e4rjest\u00e4m\u00e4t tapahtumat j\u00e4rjestet\u00e4\u00e4n yhteisty\u00f6ss\u00e4 MPK:n kanssa, jolloin ne &hellip; <a href=\"https:\/\/www.kempeleenreservilaiset.fi\/2\/mpk-kempele\/\">Lue loppuun <span class=\"meta-nav\">&rarr;<\/span><\/a><\/p>\n","protected":false},"author":3,"featured_media":0,"parent":0,"menu_order":0,"comment_status":"closed","ping_status":"closed","template":"sidebar-page.php","meta":{"footnotes":""},"class_list":["post-138","page","type-page","status-publish","hentry"],"_links":{"self":[{"href":"https:\/\/www.kempeleenreservilaiset.fi\/2\/wp-json\/wp\/v2\/pages\/138","targetHints":{"allow":["GET"]}}],"collection":[{"href":"https:\/\/www.kempeleenreservilaiset.fi\/2\/wp-json\/wp\/v2\/pages"}],"about":[{"href":"https:\/\/www.kempeleenreservilaiset.fi\/2\/wp-json\/wp\/v2\/types\/page"}],"author":[{"embeddable":true,"href":"https:\/\/www.kempeleenreservilaiset.fi\/2\/wp-json\/wp\/v2\/users\/3"}],"replies":[{"embeddable":true,"href":"https:\/\/www.kempeleenreservilaiset.fi\/2\/wp-json\/wp\/v2\/comments?post=138"}],"version-history":[{"count":6,"href":"https:\/\/www.kempeleenreservilaiset.fi\/2\/wp-json\/wp\/v2\/pages\/138\/revisions"}],"predecessor-version":[{"id":1074,"href":"https:\/\/www.kempeleenreservilaiset.fi\/2\/wp-json\/wp\/v2\/pages\/138\/revisions\/1074"}],"wp:attachment":[{"href":"https:\/\/www.kempeleenreservilaiset.fi\/2\/wp-json\/wp\/v2\/media?parent=138"}],"curies":[{"name":"wp","href":"https:\/\/api.w.org\/{rel}","templated":true}]}}